{"id":959,"date":"2022-09-26T14:15:21","date_gmt":"2022-09-26T11:15:21","guid":{"rendered":"https:\/\/mariannas.socialadvisor.gr\/accueil\/"},"modified":"2024-12-09T16:10:52","modified_gmt":"2024-12-09T13:10:52","slug":"accueil","status":"publish","type":"page","link":"https:\/\/mariannas.socialadvisor.gr\/fr\/","title":{"rendered":"Accueil"},"content":{"rendered":"<p>[et_pb_section fb_built=&#8221;1&#8243; next_background_color=&#8221;#ffffff&#8221; _builder_version=&#8221;4.18.0&#8243; _module_preset=&#8221;default&#8221; background_color=&#8221;gcid-05399d5e-563b-461e-94c9-d1faf3b62672&#8243; custom_padding=&#8221;99px||99px||true|&#8221; bottom_divider_style=&#8221;wave2&#8243; bottom_divider_height=&#8221;30px&#8221; global_colors_info=&#8221;{%22gcid-05399d5e-563b-461e-94c9-d1faf3b62672%22:%91%22background_mask_color%22,%22background_color%22%93}&#8221;][et_pb_row column_structure=&#8221;3_5,2_5&#8243; _builder_version=&#8221;4.18.0&#8243; _module_preset=&#8221;default&#8221; global_colors_info=&#8221;{}&#8221;][et_pb_column type=&#8221;3_5&#8243; _builder_version=&#8221;4.18.0&#8243; _module_preset=&#8221;default&#8221; global_colors_info=&#8221;{}&#8221;][et_pb_text _builder_version=&#8221;4.18.0&#8243; _module_preset=&#8221;default&#8221; text_text_color=&#8221;#FFFFFF&#8221; text_font_size=&#8221;16px&#8221; header_font=&#8221;|700|||||||&#8221; header_text_color=&#8221;#FFFFFF&#8221; custom_margin=&#8221;||||false|false&#8221; global_colors_info=&#8221;{}&#8221;]<\/p>\n<h1>Marianna&#8217;s<\/h1>\n<p>[\/et_pb_text][et_pb_text _builder_version=&#8221;4.18.0&#8243; _module_preset=&#8221;default&#8221; text_text_color=&#8221;#FFFFFF&#8221; text_font_size=&#8221;16px&#8221; global_colors_info=&#8221;{}&#8221;]<\/p>\n<p>Nous avons commenc\u00e9 en 1987, un peu par n\u00e9cessit\u00e9 et davantage par amour des saveurs pures et traditionnelles.<\/p>\n<p>La r\u00e9putation de nos produits a rapidement d\u00e9pass\u00e9 les fronti\u00e8res du cercle proche des amis et de la famille et leur qualit\u00e9 s&#8217;est manifest\u00e9e de bouche \u00e0 oreille. Plusieurs fois, nous avons d\u00fb d\u00e9plaire \u00e0 plusieurs de nos clients, car nous ne pouvions pas satisfaire la demande cr\u00e9\u00e9e.<\/p>\n<p>[\/et_pb_text][et_pb_button button_url=&#8221;#&#8221; button_text=&#8221;A savoir plus&#8230;&#8221; _builder_version=&#8221;4.18.0&#8243; _module_preset=&#8221;default&#8221; custom_button=&#8221;on&#8221; button_text_size=&#8221;14px&#8221; button_text_color=&#8221;#FFFFFF&#8221; button_border_width=&#8221;0px&#8221; button_border_radius=&#8221;0px&#8221; custom_padding=&#8221;|||0px|false|false&#8221; global_colors_info=&#8221;{}&#8221;][\/et_pb_button][\/et_pb_column][et_pb_column type=&#8221;2_5&#8243; _builder_version=&#8221;4.18.0&#8243; _module_preset=&#8221;default&#8221; global_colors_info=&#8221;{}&#8221;][et_pb_image src=&#8221;https:\/\/mariannas.socialadvisor.gr\/wp-content\/uploads\/2022\/09\/pites.jpg&#8221; title_text=&#8221;pites&#8221; _builder_version=&#8221;4.18.0&#8243; _module_preset=&#8221;default&#8221; border_radii=&#8221;on|11px|11px|11px|11px&#8221; global_colors_info=&#8221;{}&#8221;][\/et_pb_image][\/et_pb_column][\/et_pb_row][\/et_pb_section][et_pb_section fb_built=&#8221;1&#8243; _builder_version=&#8221;4.18.0&#8243; _module_preset=&#8221;default&#8221; global_colors_info=&#8221;{}&#8221;][et_pb_row column_structure=&#8221;1_3,1_3,1_3&#8243; _builder_version=&#8221;4.18.0&#8243; _module_preset=&#8221;default&#8221; global_colors_info=&#8221;{}&#8221;][et_pb_column type=&#8221;1_3&#8243; _builder_version=&#8221;4.18.0&#8243; _module_preset=&#8221;default&#8221; global_colors_info=&#8221;{}&#8221;][et_pb_blurb title=&#8221;ORGANIC&#8221; use_icon=&#8221;on&#8221; font_icon=&#8221;&#xf118;||fa||400&#8243; icon_color=&#8221;#247831&#8243; image_icon_width=&#8221;50px&#8221; _builder_version=&#8221;4.18.0&#8243; _module_preset=&#8221;default&#8221; header_font=&#8221;|700|||||||&#8221; header_text_color=&#8221;#247831&#8243; header_font_size=&#8221;23px&#8221; body_text_color=&#8221;#000000&#8243; text_orientation=&#8221;center&#8221; custom_padding=&#8221;20px|20px|20px|20px|true|true&#8221; box_shadow_style=&#8221;preset3&#8243; global_colors_info=&#8221;{}&#8221;]<\/p>\n<p>Nos vignobles et nos produits sont certifi\u00e9s biologiques depuis 1997. Nous ne ferions aucun compromis avec moins.<\/p>\n<p>[\/et_pb_blurb][\/et_pb_column][et_pb_column type=&#8221;1_3&#8243; _builder_version=&#8221;4.18.0&#8243; _module_preset=&#8221;default&#8221; global_colors_info=&#8221;{}&#8221;][et_pb_blurb title=&#8221;TASTY&#8221; use_icon=&#8221;on&#8221; font_icon=&#8221;&#xf118;||fa||400&#8243; icon_color=&#8221;#8b7c2c&#8221; image_icon_width=&#8221;50px&#8221; _builder_version=&#8221;4.18.0&#8243; _module_preset=&#8221;default&#8221; header_font=&#8221;|700|||||||&#8221; header_text_color=&#8221;#8b7c2c&#8221; header_font_size=&#8221;23px&#8221; body_text_color=&#8221;#000000&#8243; text_orientation=&#8221;center&#8221; custom_padding=&#8221;20px|20px|20px|20px|true|true&#8221; box_shadow_style=&#8221;preset3&#8243; global_colors_info=&#8221;{}&#8221;]<\/p>\n<p>Les produits de Marianna ont re\u00e7u de nombreux prix Great Taste au fil des ans, faisant de Marianna un \u00ab producteur Great Taste \u00bb.<\/p>\n<p>[\/et_pb_blurb][\/et_pb_column][et_pb_column type=&#8221;1_3&#8243; _builder_version=&#8221;4.18.0&#8243; _module_preset=&#8221;default&#8221; global_colors_info=&#8221;{}&#8221;][et_pb_blurb title=&#8221;GREEK&#8221; use_icon=&#8221;on&#8221; font_icon=&#8221;&#xf118;||fa||400&#8243; icon_color=&#8221;#2a4b89&#8243; image_icon_width=&#8221;50px&#8221; _builder_version=&#8221;4.18.0&#8243; _module_preset=&#8221;default&#8221; header_font=&#8221;|700|||||||&#8221; header_text_color=&#8221;#2a4b89&#8243; header_font_size=&#8221;23px&#8221; body_text_color=&#8221;#000000&#8243; text_orientation=&#8221;center&#8221; custom_padding=&#8221;20px|20px|20px|20px|true|true&#8221; box_shadow_style=&#8221;preset3&#8243; global_colors_info=&#8221;{}&#8221;]<\/p>\n<p>Les produits Marianna sont fabriqu\u00e9s en Gr\u00e8ce, avec des recettes grecques traditionnelles, en utilisant des mati\u00e8res premi\u00e8res d&#8217;origine locale.<\/p>\n<\/p>\n<p>[\/et_pb_blurb][\/et_pb_column][\/et_pb_row][et_pb_row _builder_version=&#8221;4.18.0&#8243; _module_preset=&#8221;default&#8221; global_colors_info=&#8221;{}&#8221;][et_pb_column type=&#8221;4_4&#8243; _builder_version=&#8221;4.18.0&#8243; _module_preset=&#8221;default&#8221; global_colors_info=&#8221;{}&#8221;][et_pb_button button_text=&#8221;Nos produits&#8221; button_alignment=&#8221;center&#8221; _builder_version=&#8221;4.18.0&#8243; _module_preset=&#8221;default&#8221; custom_button=&#8221;on&#8221; button_text_size=&#8221;20px&#8221; button_text_color=&#8221;#FFFFFF&#8221; button_bg_color=&#8221;gcid-05399d5e-563b-461e-94c9-d1faf3b62672&#8243; button_border_width=&#8221;0px&#8221; button_border_radius=&#8221;12px&#8221; global_colors_info=&#8221;{%22gcid-05399d5e-563b-461e-94c9-d1faf3b62672%22:%91%22button_bg_color%22%93}&#8221;][\/et_pb_button][\/et_pb_column][\/et_pb_row][\/et_pb_section][et_pb_section fb_built=&#8221;1&#8243; prev_background_color=&#8221;#ffffff&#8221; _builder_version=&#8221;4.18.0&#8243; _module_preset=&#8221;default&#8221; background_color=&#8221;gcid-05399d5e-563b-461e-94c9-d1faf3b62672&#8243; top_divider_style=&#8221;wave2&#8243; top_divider_height=&#8221;30px&#8221; global_colors_info=&#8221;{%22gcid-05399d5e-563b-461e-94c9-d1faf3b62672%22:%91%22background_color%22%93}&#8221;][et_pb_row _builder_version=&#8221;4.18.0&#8243; _module_preset=&#8221;default&#8221; global_colors_info=&#8221;{}&#8221;][et_pb_column type=&#8221;4_4&#8243; _builder_version=&#8221;4.18.0&#8243; _module_preset=&#8221;default&#8221; global_colors_info=&#8221;{}&#8221;][et_pb_text module_class=&#8221;section-title&#8221; _builder_version=&#8221;4.18.0&#8243; _module_preset=&#8221;default&#8221; header_2_text_color=&#8221;#FFFFFF&#8221; global_colors_info=&#8221;{}&#8221;]<\/p>\n<h2>Nos produits<\/h2>\n<p>[\/et_pb_text][et_pb_text _builder_version=&#8221;4.18.0&#8243; _module_preset=&#8221;default&#8221; text_text_color=&#8221;#FFFFFF&#8221; global_colors_info=&#8221;{}&#8221;]<\/p>\n<p>Les &#8220;Feuilles de vigne de Marianna&#8221; sont le produit principal et le plus ancien de la famille des produits viticoles que je produis avec passion et amour depuis plus de 15 ans avec le soutien et l&#8217;aide de mon mari, Dimitris, et mes deux enfants, de Pangalos et Thanasis.<\/p>\n<p>[\/et_pb_text][et_pb_text _builder_version=&#8221;4.18.0&#8243; _module_preset=&#8221;default&#8221; global_colors_info=&#8221;{}&#8221;][\/et_pb_text][et_pb_button button_url=&#8221;https:\/\/mariannas.socialadvisor.gr\/about\/&#8221; button_text=&#8221;A savoir plus&#8230;&#8221; button_alignment=&#8221;center&#8221; _builder_version=&#8221;4.18.0&#8243; _module_preset=&#8221;default&#8221; custom_button=&#8221;on&#8221; button_text_size=&#8221;20px&#8221; button_text_color=&#8221;#FFFFFF&#8221; button_bg_color=&#8221;gcid-97bc77b0-ad8c-4a8c-83f4-f1bcfcc1c30b&#8221; button_border_width=&#8221;0px&#8221; button_border_radius=&#8221;12px&#8221; global_colors_info=&#8221;{%22gcid-97bc77b0-ad8c-4a8c-83f4-f1bcfcc1c30b%22:%91%22button_bg_color%22%93}&#8221;][\/et_pb_button][\/et_pb_column][\/et_pb_row][\/et_pb_section][et_pb_section fb_built=&#8221;1&#8243; _builder_version=&#8221;4.18.0&#8243; _module_preset=&#8221;default&#8221; global_colors_info=&#8221;{}&#8221;][et_pb_row _builder_version=&#8221;4.18.0&#8243; _module_preset=&#8221;default&#8221; global_colors_info=&#8221;{}&#8221;][et_pb_column type=&#8221;4_4&#8243; _builder_version=&#8221;4.18.0&#8243; _module_preset=&#8221;default&#8221; global_colors_info=&#8221;{}&#8221;][et_pb_text _builder_version=&#8221;4.18.0&#8243; _module_preset=&#8221;default&#8221; header_2_font=&#8221;|700|||||||&#8221; header_2_text_align=&#8221;center&#8221; header_2_text_color=&#8221;gcid-05399d5e-563b-461e-94c9-d1faf3b62672&#8243; global_colors_info=&#8221;{%22gcid-05399d5e-563b-461e-94c9-d1faf3b62672%22:%91%22header_2_text_color%22%93}&#8221;]<\/p>\n<h2>Activit\u00e9s \u00e0 la Maison de Viticulture Kazaki<\/h2>\n<p>[\/et_pb_text][et_pb_text _builder_version=&#8221;4.18.0&#8243; _module_preset=&#8221;default&#8221; text_text_color=&#8221;#000000&#8243; text_font_size=&#8221;17px&#8221; text_orientation=&#8221;center&#8221; global_colors_info=&#8221;{}&#8221;]<\/p>\n<p>Vous pouvez nous rendre visite penant toute l&#8217;ann\u00e9e, sur simple appel t\u00e9l\u00e9phonique, puisque nous sommes membres du r\u00e9seau des Routes des Vins de la Gr\u00e8ce du Nord. Cependant, pendant le reste de l&#8217;ann\u00e9e, nous organisons des activit\u00e9s auxquelles vous \u00eates libre de participer soit individuellement en famille, soit organis\u00e9es en classes scolaires ou en groupes de touristes.<\/p>\n<p>[\/et_pb_text][\/et_pb_column][\/et_pb_row][et_pb_row column_structure=&#8221;1_3,1_3,1_3&#8243; _builder_version=&#8221;4.18.0&#8243; _module_preset=&#8221;default&#8221; custom_padding=&#8221;||1px|||&#8221; locked=&#8221;off&#8221; global_colors_info=&#8221;{}&#8221;][et_pb_column type=&#8221;1_3&#8243; _builder_version=&#8221;4.18.0&#8243; _module_preset=&#8221;default&#8221; global_colors_info=&#8221;{}&#8221;][et_pb_blurb title=&#8221;Visites scolaires&#8221; use_icon=&#8221;on&#8221; font_icon=&#8221;&#xf51c;||fa||900&#8243; icon_color=&#8221;gcid-97bc77b0-ad8c-4a8c-83f4-f1bcfcc1c30b&#8221; image_icon_width=&#8221;70px&#8221; _builder_version=&#8221;4.18.0&#8243; _module_preset=&#8221;default&#8221; header_font=&#8221;|700|||||||&#8221; header_text_color=&#8221;gcid-05399d5e-563b-461e-94c9-d1faf3b62672&#8243; body_font_size=&#8221;15px&#8221; text_orientation=&#8221;center&#8221; global_colors_info=&#8221;{%22gcid-97bc77b0-ad8c-4a8c-83f4-f1bcfcc1c30b%22:%91%22icon_color%22%93,%22gcid-05399d5e-563b-461e-94c9-d1faf3b62672%22:%91%22header_text_color%22%93}&#8221;]<\/p>\n<p>Chaque ann\u00e9e, entre fin octobre et d\u00e9but novembre, nous organisons des visites scolaires, et notamment des classes d&#8217;\u00e9cole primaire, dans les oliveraies biologiques dont nous nous occupons \u00e0 Nea Gonia.<\/p>\n<p>[\/et_pb_blurb][\/et_pb_column][et_pb_column type=&#8221;1_3&#8243; _builder_version=&#8221;4.18.0&#8243; _module_preset=&#8221;default&#8221; global_colors_info=&#8221;{}&#8221;][et_pb_blurb title=&#8221;Greek Summer&#8221; use_icon=&#8221;on&#8221; font_icon=&#8221;&#xf5ca;||fa||900&#8243; icon_color=&#8221;gcid-97bc77b0-ad8c-4a8c-83f4-f1bcfcc1c30b&#8221; image_icon_width=&#8221;70px&#8221; _builder_version=&#8221;4.18.0&#8243; _module_preset=&#8221;default&#8221; header_font=&#8221;|700|||||||&#8221; header_text_color=&#8221;gcid-05399d5e-563b-461e-94c9-d1faf3b62672&#8243; body_font_size=&#8221;15px&#8221; text_orientation=&#8221;center&#8221; global_colors_info=&#8221;{%22gcid-97bc77b0-ad8c-4a8c-83f4-f1bcfcc1c30b%22:%91%22icon_color%22%93,%22gcid-05399d5e-563b-461e-94c9-d1faf3b62672%22:%91%22header_text_color%22%93}&#8221;]<\/p>\n<p>En collaboration avec l&#8217;American Farm School of Thessaloniki, nous accueillons chaque \u00e9t\u00e9 des \u00e9tudiants am\u00e9ricains dans nos installations.<\/p>\n<p>[\/et_pb_blurb][\/et_pb_column][et_pb_column type=&#8221;1_3&#8243; _builder_version=&#8221;4.18.0&#8243; _module_preset=&#8221;default&#8221; global_colors_info=&#8221;{}&#8221;][et_pb_blurb title=&#8221;Pick your own grapes!!!&#8221; use_icon=&#8221;on&#8221; font_icon=&#8221;&#xf72f;||fa||900&#8243; icon_color=&#8221;gcid-97bc77b0-ad8c-4a8c-83f4-f1bcfcc1c30b&#8221; image_icon_width=&#8221;70px&#8221; _builder_version=&#8221;4.18.0&#8243; _module_preset=&#8221;default&#8221; header_font=&#8221;|700|||||||&#8221; header_text_color=&#8221;gcid-05399d5e-563b-461e-94c9-d1faf3b62672&#8243; body_font_size=&#8221;15px&#8221; text_orientation=&#8221;center&#8221; global_colors_info=&#8221;{%22gcid-97bc77b0-ad8c-4a8c-83f4-f1bcfcc1c30b%22:%91%22icon_color%22%93,%22gcid-05399d5e-563b-461e-94c9-d1faf3b62672%22:%91%22header_text_color%22%93}&#8221;]<\/p>\n<p>Depuis septembre 2009 nous ouvrons nos portes et nos vignobles biologiques au grand public, tous les week-ends. Vous pouvez venir en famille et nous irons ensemble dans notre vignoble le plus proche (de l&#8217;autre c\u00f4t\u00e9 de la rue).<\/p>\n<p>[\/et_pb_blurb][\/et_pb_column][\/et_pb_row][et_pb_row _builder_version=&#8221;4.18.0&#8243; _module_preset=&#8221;default&#8221; global_colors_info=&#8221;{}&#8221;][et_pb_column type=&#8221;4_4&#8243; _builder_version=&#8221;4.18.0&#8243; _module_preset=&#8221;default&#8221; global_colors_info=&#8221;{}&#8221;][et_pb_button button_url=&#8221;https:\/\/mariannas.socialadvisor.gr\/activities\/&#8221; button_text=&#8221;A savoir plus&#8230;&#8221; button_alignment=&#8221;center&#8221; _builder_version=&#8221;4.18.0&#8243; _module_preset=&#8221;default&#8221; custom_button=&#8221;on&#8221; button_text_size=&#8221;20px&#8221; button_text_color=&#8221;#FFFFFF&#8221; button_bg_color=&#8221;gcid-05399d5e-563b-461e-94c9-d1faf3b62672&#8243; button_border_width=&#8221;0px&#8221; button_border_radius=&#8221;12px&#8221; global_colors_info=&#8221;{%22gcid-05399d5e-563b-461e-94c9-d1faf3b62672%22:%91%22button_bg_color%22%93}&#8221;][\/et_pb_button][\/et_pb_column][\/et_pb_row][et_pb_row column_structure=&#8221;1_3,1_3,1_3&#8243; use_custom_gutter=&#8221;on&#8221; gutter_width=&#8221;2&#8243; _builder_version=&#8221;4.18.0&#8243; _module_preset=&#8221;default&#8221; max_width=&#8221;1920px&#8221; global_colors_info=&#8221;{}&#8221;][et_pb_column type=&#8221;1_3&#8243; _builder_version=&#8221;4.18.0&#8243; _module_preset=&#8221;default&#8221; global_colors_info=&#8221;{}&#8221;][et_pb_image src=&#8221;https:\/\/mariannas.socialadvisor.gr\/wp-content\/uploads\/2022\/09\/pites-1.jpg&#8221; title_text=&#8221;pites-(1)&#8221; _builder_version=&#8221;4.18.0&#8243; _module_preset=&#8221;default&#8221; border_radii=&#8221;on|7px|7px|7px|7px&#8221; global_colors_info=&#8221;{}&#8221;][\/et_pb_image][\/et_pb_column][et_pb_column type=&#8221;1_3&#8243; _builder_version=&#8221;4.18.0&#8243; _module_preset=&#8221;default&#8221; global_colors_info=&#8221;{}&#8221;][et_pb_image src=&#8221;https:\/\/mariannas.socialadvisor.gr\/wp-content\/uploads\/2022\/09\/meze.jpg&#8221; title_text=&#8221;meze&#8221; _builder_version=&#8221;4.18.0&#8243; _module_preset=&#8221;default&#8221; border_radii=&#8221;on|7px|7px|7px|7px&#8221; global_colors_info=&#8221;{}&#8221;][\/et_pb_image][\/et_pb_column][et_pb_column type=&#8221;1_3&#8243; _builder_version=&#8221;4.18.0&#8243; _module_preset=&#8221;default&#8221; global_colors_info=&#8221;{}&#8221;][et_pb_image src=&#8221;https:\/\/mariannas.socialadvisor.gr\/wp-content\/uploads\/2022\/09\/ola.jpg&#8221; title_text=&#8221;ola&#8221; _builder_version=&#8221;4.18.0&#8243; _module_preset=&#8221;default&#8221; border_radii=&#8221;on|7px|7px|7px|7px&#8221; global_colors_info=&#8221;{}&#8221;][\/et_pb_image][\/et_pb_column][\/et_pb_row][et_pb_row _builder_version=&#8221;4.18.0&#8243; _module_preset=&#8221;default&#8221; global_colors_info=&#8221;{}&#8221;][et_pb_column type=&#8221;4_4&#8243; _builder_version=&#8221;4.18.0&#8243; _module_preset=&#8221;default&#8221; global_colors_info=&#8221;{}&#8221;][et_pb_button button_text=&#8221;D\u00e9couvrez tous nos produits&#8221; button_alignment=&#8221;center&#8221; _builder_version=&#8221;4.18.0&#8243; _module_preset=&#8221;default&#8221; custom_button=&#8221;on&#8221; button_text_size=&#8221;20px&#8221; button_text_color=&#8221;#FFFFFF&#8221; button_bg_color=&#8221;gcid-05399d5e-563b-461e-94c9-d1faf3b62672&#8243; button_border_width=&#8221;0px&#8221; button_border_radius=&#8221;12px&#8221; global_colors_info=&#8221;{%22gcid-05399d5e-563b-461e-94c9-d1faf3b62672%22:%91%22button_bg_color%22%93}&#8221;][\/et_pb_button][\/et_pb_column][\/et_pb_row][\/et_pb_section]<\/p>\n","protected":false},"excerpt":{"rendered":"<p>Marianna&#8217;sNous avons commenc\u00e9 en 1987, un peu par n\u00e9cessit\u00e9 et davantage par amour des saveurs pures et traditionnelles. La r\u00e9putation de nos produits a rapidement d\u00e9pass\u00e9 les fronti\u00e8res du cercle proche des amis et de la famille et leur qualit\u00e9 s&#8217;est manifest\u00e9e de bouche \u00e0 oreille. Plusieurs fois, nous avons d\u00fb d\u00e9plaire \u00e0 plusieurs de [&hellip;]<\/p>\n","protected":false},"author":1,"featured_media":0,"parent":0,"menu_order":0,"comment_status":"closed","ping_status":"closed","template":"","meta":{"_acf_changed":false,"_et_pb_use_builder":"on","_et_pb_old_content":"","_et_gb_content_width":"","_themeisle_gutenberg_block_has_review":false,"footnotes":""},"class_list":["post-959","page","type-page","status-publish","hentry"],"acf":[],"yoast_head":"<!-- This site is optimized with the Yoast SEO plugin v27.4 - https:\/\/yoast.com\/product\/yoast-seo-wordpress\/ -->\n<title>Accueil - Mariannas<\/title>\n<meta name=\"robots\" content=\"noindex, follow, max-snippet:-1, max-image-preview:large, max-video-preview:-1\" \/>\n<meta property=\"og:locale\" content=\"fr_FR\" \/>\n<meta property=\"og:type\" content=\"article\" \/>\n<meta property=\"og:title\" content=\"Accueil - Mariannas\" \/>\n<meta property=\"og:description\" content=\"Marianna&#039;sNous avons commenc\u00e9 en 1987, un peu par n\u00e9cessit\u00e9 et davantage par amour des saveurs pures et traditionnelles. La r\u00e9putation de nos produits a rapidement d\u00e9pass\u00e9 les fronti\u00e8res du cercle proche des amis et de la famille et leur qualit\u00e9 s&#039;est manifest\u00e9e de bouche \u00e0 oreille. Plusieurs fois, nous avons d\u00fb d\u00e9plaire \u00e0 plusieurs de [&hellip;]\" \/>\n<meta property=\"og:url\" content=\"https:\/\/mariannas.socialadvisor.gr\/fr\/\" \/>\n<meta property=\"og:site_name\" content=\"Mariannas\" \/>\n<meta property=\"article:modified_time\" content=\"2024-12-09T13:10:52+00:00\" \/>\n<meta name=\"twitter:card\" content=\"summary_large_image\" \/>\n<meta name=\"twitter:label1\" content=\"Dur\u00e9e de lecture estim\u00e9e\" \/>\n\t<meta name=\"twitter:data1\" content=\"10 minutes\" \/>\n<script type=\"application\/ld+json\" class=\"yoast-schema-graph\">{\"@context\":\"https:\\\/\\\/schema.org\",\"@graph\":[{\"@type\":\"WebPage\",\"@id\":\"https:\\\/\\\/mariannas.socialadvisor.gr\\\/fr\\\/\",\"url\":\"https:\\\/\\\/mariannas.socialadvisor.gr\\\/fr\\\/\",\"name\":\"Accueil - Mariannas\",\"isPartOf\":{\"@id\":\"https:\\\/\\\/mariannas.socialadvisor.gr\\\/#website\"},\"datePublished\":\"2022-09-26T11:15:21+00:00\",\"dateModified\":\"2024-12-09T13:10:52+00:00\",\"breadcrumb\":{\"@id\":\"https:\\\/\\\/mariannas.socialadvisor.gr\\\/fr\\\/#breadcrumb\"},\"inLanguage\":\"fr-FR\",\"potentialAction\":[{\"@type\":\"ReadAction\",\"target\":[\"https:\\\/\\\/mariannas.socialadvisor.gr\\\/fr\\\/\"]}]},{\"@type\":\"BreadcrumbList\",\"@id\":\"https:\\\/\\\/mariannas.socialadvisor.gr\\\/fr\\\/#breadcrumb\",\"itemListElement\":[{\"@type\":\"ListItem\",\"position\":1,\"name\":\"\u0391\u03c1\u03c7\u03b9\u03ba\u03ae\",\"item\":\"https:\\\/\\\/mariannas.socialadvisor.gr\\\/fr\\\/\"},{\"@type\":\"ListItem\",\"position\":2,\"name\":\"Accueil\"}]},{\"@type\":\"WebSite\",\"@id\":\"https:\\\/\\\/mariannas.socialadvisor.gr\\\/#website\",\"url\":\"https:\\\/\\\/mariannas.socialadvisor.gr\\\/\",\"name\":\"Mariannas\",\"description\":\"Ntolmadakia\",\"potentialAction\":[{\"@type\":\"SearchAction\",\"target\":{\"@type\":\"EntryPoint\",\"urlTemplate\":\"https:\\\/\\\/mariannas.socialadvisor.gr\\\/?s={search_term_string}\"},\"query-input\":{\"@type\":\"PropertyValueSpecification\",\"valueRequired\":true,\"valueName\":\"search_term_string\"}}],\"inLanguage\":\"fr-FR\"}]}<\/script>\n<!-- \/ Yoast SEO plugin. -->","yoast_head_json":{"title":"Accueil - Mariannas","robots":{"index":"noindex","follow":"follow","max-snippet":"max-snippet:-1","max-image-preview":"max-image-preview:large","max-video-preview":"max-video-preview:-1"},"og_locale":"fr_FR","og_type":"article","og_title":"Accueil - Mariannas","og_description":"Marianna'sNous avons commenc\u00e9 en 1987, un peu par n\u00e9cessit\u00e9 et davantage par amour des saveurs pures et traditionnelles. La r\u00e9putation de nos produits a rapidement d\u00e9pass\u00e9 les fronti\u00e8res du cercle proche des amis et de la famille et leur qualit\u00e9 s'est manifest\u00e9e de bouche \u00e0 oreille. Plusieurs fois, nous avons d\u00fb d\u00e9plaire \u00e0 plusieurs de [&hellip;]","og_url":"https:\/\/mariannas.socialadvisor.gr\/fr\/","og_site_name":"Mariannas","article_modified_time":"2024-12-09T13:10:52+00:00","twitter_card":"summary_large_image","twitter_misc":{"Dur\u00e9e de lecture estim\u00e9e":"10 minutes"},"schema":{"@context":"https:\/\/schema.org","@graph":[{"@type":"WebPage","@id":"https:\/\/mariannas.socialadvisor.gr\/fr\/","url":"https:\/\/mariannas.socialadvisor.gr\/fr\/","name":"Accueil - Mariannas","isPartOf":{"@id":"https:\/\/mariannas.socialadvisor.gr\/#website"},"datePublished":"2022-09-26T11:15:21+00:00","dateModified":"2024-12-09T13:10:52+00:00","breadcrumb":{"@id":"https:\/\/mariannas.socialadvisor.gr\/fr\/#breadcrumb"},"inLanguage":"fr-FR","potentialAction":[{"@type":"ReadAction","target":["https:\/\/mariannas.socialadvisor.gr\/fr\/"]}]},{"@type":"BreadcrumbList","@id":"https:\/\/mariannas.socialadvisor.gr\/fr\/#breadcrumb","itemListElement":[{"@type":"ListItem","position":1,"name":"\u0391\u03c1\u03c7\u03b9\u03ba\u03ae","item":"https:\/\/mariannas.socialadvisor.gr\/fr\/"},{"@type":"ListItem","position":2,"name":"Accueil"}]},{"@type":"WebSite","@id":"https:\/\/mariannas.socialadvisor.gr\/#website","url":"https:\/\/mariannas.socialadvisor.gr\/","name":"Mariannas","description":"Ntolmadakia","potentialAction":[{"@type":"SearchAction","target":{"@type":"EntryPoint","urlTemplate":"https:\/\/mariannas.socialadvisor.gr\/?s={search_term_string}"},"query-input":{"@type":"PropertyValueSpecification","valueRequired":true,"valueName":"search_term_string"}}],"inLanguage":"fr-FR"}]}},"_links":{"self":[{"href":"https:\/\/mariannas.socialadvisor.gr\/fr\/wp-json\/wp\/v2\/pages\/959","targetHints":{"allow":["GET"]}}],"collection":[{"href":"https:\/\/mariannas.socialadvisor.gr\/fr\/wp-json\/wp\/v2\/pages"}],"about":[{"href":"https:\/\/mariannas.socialadvisor.gr\/fr\/wp-json\/wp\/v2\/types\/page"}],"author":[{"embeddable":true,"href":"https:\/\/mariannas.socialadvisor.gr\/fr\/wp-json\/wp\/v2\/users\/1"}],"replies":[{"embeddable":true,"href":"https:\/\/mariannas.socialadvisor.gr\/fr\/wp-json\/wp\/v2\/comments?post=959"}],"version-history":[{"count":5,"href":"https:\/\/mariannas.socialadvisor.gr\/fr\/wp-json\/wp\/v2\/pages\/959\/revisions"}],"predecessor-version":[{"id":964,"href":"https:\/\/mariannas.socialadvisor.gr\/fr\/wp-json\/wp\/v2\/pages\/959\/revisions\/964"}],"wp:attachment":[{"href":"https:\/\/mariannas.socialadvisor.gr\/fr\/wp-json\/wp\/v2\/media?parent=959"}],"curies":[{"name":"wp","href":"https:\/\/api.w.org\/{rel}","templated":true}]}}